{"id":128,"date":"2024-02-05T09:49:45","date_gmt":"2024-02-05T09:49:45","guid":{"rendered":"https:\/\/smarthotel-gallmersgarten.com\/?page_id=128"},"modified":"2026-03-19T10:51:06","modified_gmt":"2026-03-19T10:51:06","slug":"impresszum","status":"publish","type":"page","link":"https:\/\/smarthotel-gallmersgarten.com\/hu\/impresszum\/","title":{"rendered":"Impresszum"},"content":{"rendered":"<div data-elementor-type=\"wp-page\" data-elementor-id=\"128\" class=\"elementor elementor-128\" data-elementor-post-type=\"page\">\n\t\t\t\t\t\t<section class=\"elementor-section elementor-top-section elementor-element elementor-element-6a44f24e elementor-section-height-min-height elementor-section-items-stretch elementor-section-content-middle elementor-section-boxed elementor-section-height-default\" data-id=\"6a44f24e\" data-element_type=\"section\" data-settings=\"{&quot;background_background&quot;:&quot;classic&quot;,&quot;shape_divider_bottom&quot;:&quot;tilt&quot;}\">\n\t\t\t\t\t\t\t<div class=\"elementor-background-overlay\"><\/div>\n\t\t\t\t\t\t<div class=\"elementor-shape elementor-shape-bottom\" aria-hidden=\"true\" data-negative=\"false\">\n\t\t\t<svg xmlns=\"http:\/\/www.w3.org\/2000\/svg\" viewbox=\"0 0 1000 100\" preserveaspectratio=\"none\">\n\t<path class=\"elementor-shape-fill\" d=\"M0,6V0h1000v100L0,6z\"\/>\n<\/svg>\t\t<\/div>\n\t\t\t\t\t<div class=\"elementor-container elementor-column-gap-default\">\n\t\t\t\t\t<div class=\"elementor-column elementor-col-100 elementor-top-column elementor-element elementor-element-6219c40f\" data-id=\"6219c40f\" data-element_type=\"column\">\n\t\t\t<div class=\"elementor-widget-wrap elementor-element-populated\">\n\t\t\t\t\t\t<div class=\"elementor-element elementor-element-757d83df elementor-widget elementor-widget-heading\" data-id=\"757d83df\" data-element_type=\"widget\" data-widget_type=\"heading.default\">\n\t\t\t\t<div class=\"elementor-widget-container\">\n\t\t\t\t\t<h2 class=\"elementor-heading-title elementor-size-default\">Impresszum<\/h2>\t\t\t\t<\/div>\n\t\t\t\t<\/div>\n\t\t\t\t<div class=\"elementor-element elementor-element-20c43ca8 elementor-widget-divider--view-line elementor-widget elementor-widget-divider\" data-id=\"20c43ca8\" data-element_type=\"widget\" data-widget_type=\"divider.default\">\n\t\t\t\t<div class=\"elementor-widget-container\">\n\t\t\t\t\t\t\t<div class=\"elementor-divider\">\n\t\t\t<span class=\"elementor-divider-separator\">\n\t\t\t\t\t\t<\/span>\n\t\t<\/div>\n\t\t\t\t\t\t<\/div>\n\t\t\t\t<\/div>\n\t\t\t\t<div class=\"elementor-element elementor-element-35d1b776 elementor-mobile-align-center elementor-align-center elementor-widget elementor-widget-button\" data-id=\"35d1b776\" data-element_type=\"widget\" data-widget_type=\"button.default\">\n\t\t\t\t<div class=\"elementor-widget-container\">\n\t\t\t\t\t\t\t\t\t<div class=\"elementor-button-wrapper\">\n\t\t\t\t\t<a class=\"elementor-button elementor-button-link elementor-size-sm\" href=\"https:\/\/smarthotel-gallmersgarten.com\/hu\/\">\n\t\t\t\t\t\t<span class=\"elementor-button-content-wrapper\">\n\t\t\t\t\t\t\t\t\t<span class=\"elementor-button-text\">home<\/span>\n\t\t\t\t\t<\/span>\n\t\t\t\t\t<\/a>\n\t\t\t\t<\/div>\n\t\t\t\t\t\t\t\t<\/div>\n\t\t\t\t<\/div>\n\t\t\t\t\t<\/div>\n\t\t<\/div>\n\t\t\t\t\t<\/div>\n\t\t<\/section>\n\t\t\t\t<section class=\"elementor-section elementor-top-section elementor-element elementor-element-55358736 elementor-section-boxed elementor-section-height-default elementor-section-height-default\" data-id=\"55358736\" data-element_type=\"section\">\n\t\t\t\t\t\t<div class=\"elementor-container elementor-column-gap-wide\">\n\t\t\t\t\t<div class=\"elementor-column elementor-col-100 elementor-top-column elementor-element elementor-element-4d16f429\" data-id=\"4d16f429\" data-element_type=\"column\">\n\t\t\t<div class=\"elementor-widget-wrap elementor-element-populated\">\n\t\t\t\t\t\t<div class=\"elementor-element elementor-element-3cf6e399 elementor-view-stacked elementor-shape-circle elementor-widget elementor-widget-icon\" data-id=\"3cf6e399\" data-element_type=\"widget\" data-widget_type=\"icon.default\">\n\t\t\t\t<div class=\"elementor-widget-container\">\n\t\t\t\t\t\t\t<div class=\"elementor-icon-wrapper\">\n\t\t\t<div class=\"elementor-icon\">\n\t\t\t<svg aria-hidden=\"true\" class=\"e-font-icon-svg e-fas-pen\" viewbox=\"0 0 512 512\" xmlns=\"http:\/\/www.w3.org\/2000\/svg\"><path d=\"M290.74 93.24l128.02 128.02-277.99 277.99-114.14 12.6C11.35 513.54-1.56 500.62.14 485.34l12.7-114.22 277.9-277.88zm207.2-19.06l-60.11-60.11c-18.75-18.75-49.16-18.75-67.91 0l-56.55 56.55 128.02 128.02 56.55-56.55c18.75-18.76 18.75-49.16 0-67.91z\"><\/path><\/svg>\t\t\t<\/div>\n\t\t<\/div>\n\t\t\t\t\t\t<\/div>\n\t\t\t\t<\/div>\n\t\t\t\t\t<\/div>\n\t\t<\/div>\n\t\t\t\t\t<\/div>\n\t\t<\/section>\n\t\t\t\t<section class=\"elementor-section elementor-top-section elementor-element elementor-element-706407d elementor-section-boxed elementor-section-height-default elementor-section-height-default\" data-id=\"706407d\" data-element_type=\"section\" data-settings=\"{&quot;background_background&quot;:&quot;classic&quot;}\">\n\t\t\t\t\t\t\t<div class=\"elementor-background-overlay\"><\/div>\n\t\t\t\t\t\t\t<div class=\"elementor-container elementor-column-gap-no\">\n\t\t\t\t\t<div class=\"elementor-column elementor-col-100 elementor-top-column elementor-element elementor-element-5ce9a85a\" data-id=\"5ce9a85a\" data-element_type=\"column\" data-settings=\"{&quot;background_background&quot;:&quot;classic&quot;}\">\n\t\t\t<div class=\"elementor-widget-wrap elementor-element-populated\">\n\t\t\t\t\t\t<section class=\"elementor-section elementor-inner-section elementor-element elementor-element-20071e8e elementor-section-boxed elementor-section-height-default elementor-section-height-default\" data-id=\"20071e8e\" data-element_type=\"section\">\n\t\t\t\t\t\t<div class=\"elementor-container elementor-column-gap-wider\">\n\t\t\t\t\t<div class=\"elementor-column elementor-col-100 elementor-inner-column elementor-element elementor-element-3e82e552 elementor-invisible\" data-id=\"3e82e552\" data-element_type=\"column\" data-settings=\"{&quot;animation&quot;:&quot;fadeIn&quot;,&quot;animation_delay&quot;:100}\">\n\t\t\t<div class=\"elementor-widget-wrap elementor-element-populated\">\n\t\t\t\t\t\t<div class=\"elementor-element elementor-element-6e6ea610 elementor-widget elementor-widget-text-editor\" data-id=\"6e6ea610\" data-element_type=\"widget\" data-widget_type=\"text-editor.default\">\n\t\t\t\t<div class=\"elementor-widget-container\">\n\t\t\t\t\t\t\t\t\t<h6><strong><em>Ez az impresszum vonatkozik a <a href=\"https:\/\/facebook.com\/HotelGallmersgarten\">Facebook oldal<\/a>.<\/em><br><\/strong><\/h6>\n<p><strong>Smarthotel Gallmersgarten GmbH<\/strong><br>Bahnhofstrasse 18<br>91605 Gallmersgarten<\/p>\n<p>K\u00e9pviseli:<br>Sascha Kleinhaus \u00far<\/p>\n<p>Kapcsolat:<br>Tel. 09843 9802411<br>E-mail: booking@hotel-gallmersgarten.de<\/p>\n<p>Nyilv\u00e1ntart\u00e1si bejegyz\u00e9s: bejegyz\u00e9s a kereskedelmi nyilv\u00e1ntart\u00e1sba.<br>Nyilv\u00e1ntart\u00f3 b\u00edr\u00f3s\u00e1g: F\u00fcrthi helyi b\u00edr\u00f3s\u00e1g<br>Nyilv\u00e1ntart\u00e1si sz\u00e1m: HRB 16107<br>Forgalmiad\u00f3-azonos\u00edt\u00f3sz\u00e1m<br>az \u00e1ltal\u00e1nos forgalmi ad\u00f3r\u00f3l sz\u00f3l\u00f3 t\u00f6rv\u00e9ny 27. \u00a7-a szerint: DE815683772<\/p>\n<p><strong>Felel\u0151ss\u00e9g a tartalom\u00e9rt<\/strong><br>Oldalaink tartalm\u00e1t a legnagyobb gondoss\u00e1ggal \u00e1ll\u00edtottuk \u00f6ssze. A tartalom pontoss\u00e1g\u00e1\u00e9rt, teljess\u00e9g\u00e9\u00e9rt \u00e9s aktualit\u00e1s\u00e1\u00e9rt azonban nem tudunk felel\u0151ss\u00e9get v\u00e1llalni. Szolg\u00e1ltat\u00f3k\u00e9nt a TMG (n\u00e9met telem\u00e9diat\u00f6rv\u00e9ny) 7. \u00a7 (1) bekezd\u00e9se \u00e9s az \u00e1ltal\u00e1nos t\u00f6rv\u00e9nyek \u00e9rtelm\u00e9ben mi magunk vagyunk felel\u0151sek az oldalakon tal\u00e1lhat\u00f3 tartalmak\u00e9rt. A TMG 8-10. \u00a7-ai szerint azonban szolg\u00e1ltat\u00f3k\u00e9nt nem vagyunk k\u00f6telesek az \u00e1tvitt vagy t\u00e1rolt, harmadik f\u00e9lt\u0151l sz\u00e1rmaz\u00f3 inform\u00e1ci\u00f3kat ellen\u0151rizni, illetve a jogellenes tev\u00e9kenys\u00e9gre utal\u00f3 k\u00f6r\u00fclm\u00e9nyeket kivizsg\u00e1lni. Az \u00e1ltal\u00e1nos jogszab\u00e1lyok szerinti, az inform\u00e1ci\u00f3k elt\u00e1vol\u00edt\u00e1s\u00e1ra vagy letilt\u00e1s\u00e1ra vonatkoz\u00f3 k\u00f6telezetts\u00e9gek ett\u0151l f\u00fcggetlen\u00fcl fennmaradnak. Az ezzel kapcsolatos felel\u0151ss\u00e9gre von\u00e1s azonban csak a konkr\u00e9t jogs\u00e9rt\u00e9sr\u0151l val\u00f3 tudom\u00e1sszerz\u00e9st\u0151l kezdve lehets\u00e9ges. Amint tudom\u00e1st szerz\u00fcnk az ilyen jogs\u00e9rt\u00e9sekr\u0151l, azonnal elt\u00e1vol\u00edtjuk ezt a tartalmat.<\/p>\n<p><strong>Felel\u0151ss\u00e9g a linkek\u00e9rt<\/strong><br>Weboldalunk k\u00fcls\u0151, harmadik felek weboldalaira mutat\u00f3 linkeket tartalmaz, amelyek tartalm\u00e1ra nincs befoly\u00e1sunk. Ez\u00e9rt nem tudunk felel\u0151ss\u00e9get v\u00e1llalni ezek\u00e9rt a harmadik f\u00e9lt\u0151l sz\u00e1rmaz\u00f3 tartalmak\u00e9rt. A hivatkozott oldalak tartalm\u00e1\u00e9rt mindig a mindenkori szolg\u00e1ltat\u00f3 vagy az oldalak \u00fczemeltet\u0151je felel\u0151s. A linkelt oldalakat a linkel\u00e9s id\u0151pontj\u00e1ban ellen\u0151rizt\u00fck az esetleges t\u00f6rv\u00e9nys\u00e9rt\u00e9sek szempontj\u00e1b\u00f3l. Jogellenes tartalom nem volt felismerhet\u0151 a linkel\u00e9s id\u0151pontj\u00e1ban. A linkelt oldalak tartalm\u00e1nak \u00e1lland\u00f3 ellen\u0151rz\u00e9se azonban nem \u00e9sszer\u0171 a jogs\u00e9rt\u00e9s konkr\u00e9t bizony\u00edt\u00e9ka n\u00e9lk\u00fcl. Amennyiben jogszab\u00e1lys\u00e9rt\u00e9sr\u0151l szerez\u00fcnk tudom\u00e1st, az ilyen linkeket azonnal elt\u00e1vol\u00edtjuk.<\/p>\n<p><strong>Szerz\u0151i jog<\/strong><br>Az oldal \u00fczemeltet\u0151i \u00e1ltal ezen oldalakon l\u00e9trehozott tartalmak \u00e9s m\u0171vek a n\u00e9met szerz\u0151i jog hat\u00e1lya al\u00e1 tartoznak. A sokszoros\u00edt\u00e1s, feldolgoz\u00e1s, terjeszt\u00e9s \u00e9s a szerz\u0151i jogi korl\u00e1tokon k\u00edv\u00fcli b\u00e1rmilyen felhaszn\u00e1l\u00e1s csak az adott szerz\u0151 vagy alkot\u00f3 \u00edr\u00e1sbeli hozz\u00e1j\u00e1rul\u00e1s\u00e1val lehets\u00e9ges. Az oldal let\u00f6lt\u00e9se \u00e9s m\u00e1sol\u00e1sa kiz\u00e1r\u00f3lag mag\u00e1njelleg\u0171, nem kereskedelmi c\u00e9l\u00fa felhaszn\u00e1l\u00e1sra enged\u00e9lyezett. Amennyiben az ezen az oldalon tal\u00e1lhat\u00f3 tartalom nem az \u00fczemeltet\u0151 \u00e1ltal k\u00e9sz\u00fclt, a harmadik felek szerz\u0151i jogait tiszteletben tartjuk. K\u00fcl\u00f6n\u00f6sen a harmadik f\u00e9lt\u0151l sz\u00e1rmaz\u00f3 tartalmakat jel\u00f6lik meg. Amennyiben m\u00e9gis tudom\u00e1s\u00e1ra jutna, hogy a szerz\u0151i jogokat megs\u00e9rtett\u00e9k, k\u00e9rj\u00fck, t\u00e1j\u00e9koztasson minket err\u0151l. Amennyiben jogs\u00e9rt\u00e9sr\u0151l szerez\u00fcnk tudom\u00e1st, azonnal elt\u00e1vol\u00edtjuk az ilyen tartalmakat.<\/p>\n<p><strong>Adatv\u00e9delem<\/strong><br>Weboldalunk haszn\u00e1lata \u00e1ltal\u00e1ban szem\u00e9lyes adatok megad\u00e1sa n\u00e9lk\u00fcl is lehets\u00e9ges. Amennyiben weboldalunkon szem\u00e9lyes adatokat (pl. n\u00e9v, c\u00edm vagy e-mail c\u00edm) gy\u0171jt\u00fcnk, az a lehet\u0151 legnagyobb m\u00e9rt\u00e9kben \u00f6nk\u00e9ntes alapon t\u00f6rt\u00e9nik. Ezeket az adatokat az \u00d6n kifejezett hozz\u00e1j\u00e1rul\u00e1sa n\u00e9lk\u00fcl nem adjuk \u00e1t harmadik f\u00e9lnek.<\/p>\n<p>Szeretn\u00e9nk felh\u00edvni a figyelmet arra, hogy az interneten kereszt\u00fcli adat\u00e1tvitel (pl. az e-mailes kommunik\u00e1ci\u00f3 sor\u00e1n) biztons\u00e1gi r\u00e9sekkel j\u00e1rhat. Az adatok teljes k\u00f6r\u0171 v\u00e9delme harmadik szem\u00e9lyek hozz\u00e1f\u00e9r\u00e9se ellen nem lehets\u00e9ges.<\/p>\n<p>Ezennel kifejezetten megtiltjuk, hogy az impresszumad\u00e1si k\u00f6telezetts\u00e9g keret\u00e9ben k\u00f6zz\u00e9tett el\u00e9rhet\u0151s\u00e9gi adatokat harmadik szem\u00e9lyek k\u00e9retlen rekl\u00e1m- \u00e9s t\u00e1j\u00e9koztat\u00f3 anyagok k\u00fcld\u00e9s\u00e9re haszn\u00e1lj\u00e1k fel. A weboldal \u00fczemeltet\u0151i kifejezetten fenntartj\u00e1k a jogot, hogy jogi l\u00e9p\u00e9seket tegyenek a k\u00e9retlen rekl\u00e1minform\u00e1ci\u00f3k, p\u00e9ld\u00e1ul spam e-mailek k\u00fcld\u00e9se eset\u00e9n.<\/p>\n<p><strong>K\u00e9pi jogok<\/strong><br>Elt\u00e9r\u0151 rendelkez\u00e9s hi\u00e1ny\u00e1ban a weboldalon haszn\u00e1lt k\u00e9pek jogai a weboldal \u00fczemeltet\u0151j\u00e9nek tulajdon\u00e1t k\u00e9pezik.<\/p>\n<p>A kereskedelmi c\u00e9l\u00fa felhaszn\u00e1l\u00e1s el\u0151zetes egyeztet\u00e9s n\u00e9lk\u00fcl nem megengedett. Ha kereskedelmi c\u00e9lokra (pl. rekl\u00e1moz\u00e1sra) van sz\u00fcks\u00e9ge egy k\u00e9pre, k\u00e9rj\u00fck, l\u00e9pjen kapcsolatba vel\u00fcnk a fenti c\u00edmen. Ebben az esetben \u00edr\u00e1sos inform\u00e1ci\u00f3t k\u00e9r\u00fcnk a projektj\u00e9r\u0151l (e-mailben vagy faxon), valamint egy mintap\u00e9ld\u00e1nyt. Csak ezut\u00e1n tudjuk eld\u00f6nteni, hogy a sz\u00f3ban forg\u00f3 k\u00e9pet rendelkez\u00e9sre tudjuk-e bocs\u00e1tani.<\/p>\n<p>A weboldalon tal\u00e1lhat\u00f3 egyes k\u00e9pek m\u00e1s forr\u00e1sokb\u00f3l sz\u00e1rmaznak. K\u00e9rj\u00fck, a k\u00e9pek tov\u00e1bbi felhaszn\u00e1l\u00e1s\u00e1val kapcsolatban l\u00e9pjen kapcsolatba a k\u00e9pjogok tulajdonos\u00e1val.<\/p>\n<p>A k\u00e9p kreditpontjai: www.fotolia.de<br>#146368525 | \u00a9 Jacek Chabraszewski<br>#175017960 | \u00a9 Ryzhkov<br><span class=\"trunc-string\"># 165315351 | \u00a9 grafikplusfoto<br><\/span><span class=\"trunc-string\">#<\/span>278651272&nbsp;<span class=\"trunc-string\">| \u00a9 travnikovstudio<br><\/span>#189842533&nbsp;<span class=\"trunc-string\">| \u00a9&nbsp;<\/span>ARochau<br>#206567692<span class=\"trunc-string\">| \u00a9&nbsp;<\/span>pwmotion<\/p>\n<p>Franken-Therme Bad Windsheim GmbH<br><a href=\"http:\/\/www.franken-therme.net\/\">www.franken-therme.net<\/a><br>Franken-Therme Bad Windsheim, s\u00f3s t\u00f3 kupola k\u00fcls\u0151 felv\u00e9tel&nbsp;<span class=\"trunc-string\">\u00a9<\/span>&nbsp;St\u00fadi\u00f3 Waldeck, Scheinfeld<br>Franken-Therme Bad Windsheim, Port\u00e1l III&nbsp;<span class=\"trunc-string\">\u00a9<\/span>&nbsp;St\u00fadi\u00f3 Waldeck, Scheinfeld<\/p>\n<p><strong>A jelen jogi nyilatkozat jogi \u00e9rv\u00e9nyess\u00e9ge<\/strong><br>Ha a jelen nyilatkozat egyes r\u00e9szei vagy egyes kifejez\u00e9sei nem jogszer\u0171ek vagy helytelenek, a t\u00f6bbi r\u00e9sz tartalm\u00e1t vagy \u00e9rv\u00e9nyess\u00e9g\u00e9t ez a t\u00e9ny nem befoly\u00e1solja.<\/p>\n<p>Forr\u00e1sok: eRecht24 nyilatkozat, Facebook nyilatkozat az eRecht24-t\u0151l, Adatv\u00e9delmi szab\u00e1lyzat a Google Analytics-hez, Adatv\u00e9delmi szab\u00e1lyzat a Google Adsense-hez.<br>Forr\u00e1s: de: Impresszum gener\u00e1tor az e-recht24.de oldalr\u00f3l<\/p>\t\t\t\t\t\t\t\t<\/div>\n\t\t\t\t<\/div>\n\t\t\t\t\t<\/div>\n\t\t<\/div>\n\t\t\t\t\t<\/div>\n\t\t<\/section>\n\t\t\t\t\t<\/div>\n\t\t<\/div>\n\t\t\t\t\t<\/div>\n\t\t<\/section>\n\t\t\t\t<\/div>","protected":false},"excerpt":{"rendered":"<p>Impressum home Dieses Impressum gilt auch f\u00fcr die Facebookseite. Smarthotel Gallmersgarten GmbHBahnhofstra\u00dfe 1891605 Gallmersgarten Vertreten durch:Herrn Sascha Kleinhaus Kontakt:Tel. 09843 9802411E-Mail: booking@hotel-gallmersgarten.de Registereintrag: Eintragung im Handelsregister.Registergericht: Amtsgericht F\u00fcrthRegisternummer: HRB 16107Umsatzsteuer-Identifikationsnummergem\u00e4\u00df \u00a727 a Umsatzsteuergesetz: DE815683772 Haftung f\u00fcr InhalteDie Inhalte unserer Seiten wurden mit gr\u00f6\u00dfter Sorgfalt erstellt. F\u00fcr die Richtigkeit, Vollst\u00e4ndigkeit und Aktualit\u00e4t der Inhalte k\u00f6nnen wir [&hellip;]<\/p>","protected":false},"author":1,"featured_media":0,"parent":0,"menu_order":0,"comment_status":"closed","ping_status":"closed","template":"","meta":{"footnotes":""},"class_list":["post-128","page","type-page","status-publish","hentry"],"_links":{"self":[{"href":"https:\/\/smarthotel-gallmersgarten.com\/hu\/wp-json\/wp\/v2\/pages\/128","targetHints":{"allow":["GET"]}}],"collection":[{"href":"https:\/\/smarthotel-gallmersgarten.com\/hu\/wp-json\/wp\/v2\/pages"}],"about":[{"href":"https:\/\/smarthotel-gallmersgarten.com\/hu\/wp-json\/wp\/v2\/types\/page"}],"author":[{"embeddable":true,"href":"https:\/\/smarthotel-gallmersgarten.com\/hu\/wp-json\/wp\/v2\/users\/1"}],"replies":[{"embeddable":true,"href":"https:\/\/smarthotel-gallmersgarten.com\/hu\/wp-json\/wp\/v2\/comments?post=128"}],"version-history":[{"count":10,"href":"https:\/\/smarthotel-gallmersgarten.com\/hu\/wp-json\/wp\/v2\/pages\/128\/revisions"}],"predecessor-version":[{"id":1422,"href":"https:\/\/smarthotel-gallmersgarten.com\/hu\/wp-json\/wp\/v2\/pages\/128\/revisions\/1422"}],"wp:attachment":[{"href":"https:\/\/smarthotel-gallmersgarten.com\/hu\/wp-json\/wp\/v2\/media?parent=128"}],"curies":[{"name":"wp","href":"https:\/\/api.w.org\/{rel}","templated":true}]}}